{"id":370,"date":"2018-09-27T09:44:09","date_gmt":"2018-09-27T09:44:09","guid":{"rendered":"https:\/\/community.europeanschoolradio.eu\/?page_id=370"},"modified":"2024-02-05T22:22:42","modified_gmt":"2024-02-05T19:22:42","slug":"contact-us","status":"publish","type":"page","link":"https:\/\/community.europeanschoolradio.eu\/es\/contact-us","title":{"rendered":"Contacta con nosotros"},"content":{"rendered":"<div class=\"wpb-content-wrapper\"><p>[vc_row full_width=\u00bbstretch_row_content\u00bb css=\u00bb.vc_custom_1539866381370{padding-top: 0px !important;padding-bottom: 0px !important;}\u00bb][vc_column][crumina_gmap map_height=\u00bb480&#8243; style=\u00bb\u00abborder: 0\u00ab;\u00bb src=\u00bb\u00abhttps:\/\/www.google.com\/maps\/embed?pb=!1m18!1m12!1m3!1d50470.074764416524!2d-122.47261937104744!3d37.75769481909248!2m3!1f0!2f0!3f0!3m2!1i1024!2i768!4f13.1!3m3!1m2!1s0x80859a6d00690021%3A0x4a501367f076adff!2sSan+Francisco%2C+CA%2C+USA!5e0!3m2!1sen!2sua!4v1537795495651\u00ab\u00bb width=\u00bb\u00ab600\u00ab\u00bb height=\u00bb\u00ab450\u00ab\u00bb frameborder=\u00bb\u00ab0\u00ab\u00bb map_embed=\u00bbJTNDaWZyYW1lJTIwc3JjJTNEJTIyaHR0cHMlM0ElMkYlMkZ3d3cuZ29vZ2xlLmNvbSUyRm1hcHMlMkZlbWJlZCUzRnBiJTNEJTIxMW0xOCUyMTFtMTIlMjExbTMlMjExZDMwMjYuNzcyMTQwMDYzMzQxMyUyMTJkMjIuODAxMjU5MDc1NzY3Mjk4JTIxM2Q0MC42NTY5NTI5NzE0MDE5MSUyMTJtMyUyMTFmMCUyMTJmMCUyMTNmMCUyMTNtMiUyMTFpMTAyNCUyMTJpNzY4JTIxNGYxMy4xJTIxM20zJTIxMW0yJTIxMXMweDE0YTgyNWQwMDNiMTU5OTclMjUzQTB4MTdiNGFhZTYyOGFlM2VjOSUyMTJ6enBUT21jNmd6cEhPbFNET284NnZ6cjNPdE02X3o0VSUyMTVlMCUyMTNtMiUyMTFzZWwlMjEyc2dyJTIxNHYxNzA1NDUwMDk3NTQzJTIxNW0yJTIxMXNlbCUyMTJzZ3IlMjIlMjB3aWR0aCUzRCUyMjYwMCUyMiUyMGhlaWdodCUzRCUyMjQ1MCUyMiUyMHN0eWxlJTNEJTIyYm9yZGVyJTNBMCUzQiUyMiUyMGFsbG93ZnVsbHNjcmVlbiUzRCUyMiUyMiUyMGxvYWRpbmclM0QlMjJsYXp5JTIyJTIwcmVmZXJyZXJwb2xpY3klM0QlMjJuby1yZWZlcnJlci13aGVuLWRvd25ncmFkZSUyMiUzRSUzQyUyRmlmcmFtZSUzRQ==\u00bb][vc_column_text css=\u00bb.vc_custom_1705451147579{margin-right: 2% !important;margin-left: 2% !important;}\u00bb]<\/p>\n<h4 style=\"text-align: center;\"><strong>Para cualquier cuesti\u00f3n de apoyo y participaci\u00f3n en las acciones de Radio Escolar Europea, por favor cont\u00e1ctenos de la siguiente manera:<\/strong><\/h4>\n<p>[\/vc_column_text][vc_column_text css=\u00bb.vc_custom_1705451136432{margin-right: 4% !important;margin-left: 4% !important;}\u00bb]<\/p>\n<h5><strong>A trav\u00e9s del bot\u00f3n<img loading=\"lazy\" decoding=\"async\" class=\"alignnone wp-image-5390\" src=\"https:\/\/community.europeanschoolradio.eu\/wp-content\/uploads\/2024\/01\/image.png\" alt=\"\" width=\"50\" height=\"26\" \/>que se encuentra en la parte inferior derecha de todos los sitios web de European School Radio. All\u00ed podr\u00e1 encontrar inmediatamente su respuesta en la base de datos de preguntas frecuentes (respuestas) o enviar su pregunta indicando la categor\u00eda de soporte correspondiente.<\/strong><\/h5>\n<p>[\/vc_column_text][\/vc_column][\/vc_row][vc_row][vc_column width=\u00bb1\/4&#8243;][crumina_contacts title=\u00bb`{`:en`}`General Support`{`:el`}`\u0393\u03b5\u03bd\u03b9\u03ba\u03ae \u03a5\u03c0\u03bf\u03c3\u03c4\u03ae\u03c1\u03b9\u03be\u03b7`{`:es`}`Apoyo general`{`:pl`}`Og\u00f3lne wsparcie`{`:pt`}`Suporte geral`{`:`}`\u00bb details=\u00bb%5B%7B%22name%22%3A%22Email%3A%22%2C%22link%22%3A%22url%3Amailto%253Asupport%2540europeanschoolradio.eu%7Ctitle%3Asupport%2540europeanschoolradio.eu%7Crel%3Anofollow%22%7D%5D\u00bb][\/vc_column][vc_column width=\u00bb1\/4&#8243;][crumina_contacts title=\u00bb`{`:el`}`\u03a6\u03b5\u03c3\u03c4\u03b9\u03b2\u03ac\u03bb`{`:en`}`Festival`{`:es`}`Festival`{`:pl`}`Festiwal`{`:pt`}`Festival`{`:`}`\u00bb details=\u00bb%5B%7B%22name%22%3A%22Email%3A%22%2C%22link%22%3A%22url%3Amailto%253Afest%2540europeanschoolradio.eu%7Ctitle%3Afest%2540europeanschoolradio.eu%7Crel%3Anofollow%22%7D%5D\u00bb][\/vc_column][vc_column width=\u00bb1\/4&#8243;][crumina_contacts title=\u00bb`{`:el`}`\u0394\u03b9\u03b1\u03b3\u03c9\u03bd\u03b9\u03c3\u03bc\u03cc\u03c2`{`:en`}`Contest`{`:es`}`Concurso`{`:pl`}`Konkurs`{`:pt`}`Concurso`{`:`}`\u00bb details=\u00bb%5B%7B%22name%22%3A%22Email%3A%22%2C%22link%22%3A%22url%3Amailto%253Acontest%2540europeanschoolradio.eu%7Ctitle%3Acontest%2540europeanschoolradio.eu%7Crel%3Anofollow%22%7D%5D\u00bb][\/vc_column][vc_column width=\u00bb1\/4&#8243;][crumina_contacts title=\u00bb`{`:en`}`Educational Program of Thessaloniki`{`:el`}`\u0395\u03ba\u03c0\u03b1\u03b9\u03b4\u03b5\u03c5\u03c4\u03b9\u03ba\u03cc \u03a0\u03c1\u03cc\u03b3\u03c1\u03b1\u03bc\u03bc\u03b1 \u0398\u03b5\u03c3\u03c3\u03b1\u03bb\u03bf\u03bd\u03af\u03ba\u03b7\u03c2`{`:es`}`Programa educativo de Tesal\u00f3nica`{`:pl`}`Program edukacyjny Salonik`{`:pt`}`Programa Educacional de Sal\u00f3nica`{`:`}`\u00bb details=\u00bb%5B%7B%22name%22%3A%22Email%3A%22%2C%22link%22%3A%22url%3Amailto%253Aeduthess%2540europeanschoolradio.eu%7Ctitle%3Aeduthess%2540europeanschoolradio.eu%7Crel%3Anofollow%22%7D%5D\u00bb][\/vc_column][\/vc_row][vc_row full_width=\u00bbstretch_row\u00bb half_bg_pos=\u00bbhalf-bg-pos-bottom\u00bb css=\u00bb.vc_custom_1611220491092{background-color: #ffffff !important;}\u00bb half_bg=\u00bb#ffffff\u00bb][vc_column width=\u00bb1\/3&#8243; css=\u00bb.vc_custom_1611220518386{padding-bottom: 240px !important;background-image: url(https:\/\/community.europeanschoolradio.eu\/wp-content\/uploads\/2018\/09\/contact-bg.png?id=372) !important;background-position: center !important;background-repeat: no-repeat !important;background-size: cover !important;}\u00bb][vc_column_text css=\u00bb.vc_custom_1705451391365{padding-top: 35px !important;padding-right: 65px !important;padding-bottom: 35px !important;padding-left: 35px !important;}\u00bb]<\/p>\n<h1 class=\"title\"><span style=\"color: #ffffff;\"><b>Mandanos <\/b><\/span><\/h1>\n<h1 class=\"title\"><span style=\"color: #ffffff;\"><b>un mensaje<\/b><\/span><\/h1>\n<p>&nbsp;<\/p>\n<p><span style=\"color: #ffffff;\">\u00bfTiene preguntas generales sobre la Radio Escolar Europea? \u00a1Env\u00edanos un mensaje y te responderemos lo m\u00e1s r\u00e1pido que podamos!<\/span>[\/vc_column_text][\/vc_column][vc_column width=\u00bb2\/3&#8243; css=\u00bb.vc_custom_1611225109322{padding-top: 35px !important;}\u00bb]<div class=\"crumina-ext-contact-form standart-form-flex \"><form data-fw-form-id=\"fw_form\" method=\"post\" action=\"https:\/\/community.europeanschoolradio.eu\/es\/wp-json\/wp\/v2\/pages\/370\" class=\"fw_form_fw_form\" data-fw-ext-forms-type=\"contact-forms\"  ><input type=\"hidden\" name=\"fwf\" value=\"fw_form\" \/><input type=\"hidden\" id=\"_nonce_7504f179652a70b6571f91baf73665d1\" name=\"_nonce_7504f179652a70b6571f91baf73665d1\" value=\"938a991aac\" \/><input type=\"hidden\" name=\"_wp_http_referer\" value=\"\/es\/wp-json\/wp\/v2\/pages\/370\" \/><input type=\"hidden\" name=\"fw_ext_forms_form_type\" value=\"contact-forms\" \/><input type=\"hidden\" name=\"fw_ext_forms_form_id\" value=\"375\" \/><div class=\"wrap-forms\">\n\t<div class=\"row\"><\/div><div class=\"row\"><div class=\"col-xs-12 col-sm-12 col-md-6 col-lg-6 form-builder-item form-builder-item\">\n\t<div class=\"field-text\">\n\t\t\t\t<label for=\"id-1\">Nombre\t\t\t<sup>*<\/sup>\t\t<\/label>\n\t\t\t\t<input type=\"text\" name=\"text_a0457a1\" placeholder=\"\" value=\"\" id=\"id-1\" required=\"required\" >\n\t\t\t<\/div>\n<\/div><div class=\"col-xs-12 col-sm-12 col-md-6 col-lg-6 form-builder-item form-builder-item\">\n\t<div class=\"field-text\">\n\t\t\t\t<label for=\"id-2\">Apellido\t\t\t<sup>*<\/sup>\t\t<\/label>\n\t\t\t\t<input type=\"text\" name=\"text_910887c\" placeholder=\"\" value=\"\" id=\"id-2\" required=\"required\" >\n\t\t\t<\/div>\n<\/div><\/div><div class=\"row\"><div class=\"col-lg-12 form-builder-item form-builder-item\">\n\t<div class=\"field-text\">\n\t\t\t\t<label for=\"id-3\">Email\t\t\t<sup>*<\/sup>\t\t<\/label>\n\t\t\t\t<input type=\"text\" name=\"email_40b673a\" placeholder=\"\" value=\"\" id=\"id-3\" required=\"required\" >\n\t\t\t<\/div>\n<\/div><\/div><div class=\"row\">\t<div class=\"col-lg-12 form-builder-item form-builder-item\">\n\t\t<div class=\"field-select select-styled\">\n\t\t\t\t\t\t<label for=\"id-4\">Problema de soporte\t\t\t\t<sup>*<\/sup>\t\t\t<\/label>\n\t\t\t\t\t\t<select name=\"select_0f3a4b3\" id=\"id-4\"  >\n\t\t\t\t\t\t\t\t\t<option value=\"Apoyo general\"  >Apoyo general<\/option>\n\t\t\t\t\t\t\t\t\t<option value=\"Festival\"  >Festival<\/option>\n\t\t\t\t\t\t\t\t\t<option value=\"Concurso\"  >Concurso<\/option>\n\t\t\t\t\t\t\t\t\t<option value=\"Programa educativo de Tesal\u00f3nica\"  >Programa educativo de Tesal\u00f3nica<\/option>\n\t\t\t\t\t\t\t<\/select>\n\t\t\t\t\t<\/div>\n\t<\/div>\n<\/div><div class=\"row\"><div class=\"col-lg-12 form-builder-item form-builder-item\">\n\t<div class=\"field-textarea\">\n\t\t\t\t<label for=\"id-5\">Tu mensaje\t\t\t<sup>*<\/sup>\t\t<\/label>\n\t\t\t\t<textarea name=\"textarea_07c493d\" placeholder=\"\" id=\"id-5\" required=\"required\" ><\/textarea>\n\t\t\t<\/div>\n<\/div><\/div><div class=\"row\"><div class=\"col-lg-12 form-builder-item form-builder-item\">\n\t<div class=\"field-recaptcha\">\n\t\t<label>Recaptcha<\/label>\n\t\t<input type=\"hidden\" name=\"recaptcha_695c759\">\n\t\t<div class=\"form-builder-item-recaptcha\" ><\/div>\n\t<\/div>\n<\/div><\/div><div class=\"row\"><\/div><\/div><button type=\"submit\" class=\"btn btn-primary\" style=\"background-color: #7c5ac2 !important;border-color: #7c5ac2 !important;\">Send<\/button><\/form><\/div>[\/vc_column][\/vc_row][vc_row full_width=\u00bbstretch_row\u00bb equal_height=\u00bbyes\u00bb content_placement=\u00bbmiddle\u00bb css=\u00bb.vc_custom_1539675059124{margin-bottom: 0px !important;padding-bottom: 0px !important;background-position: 0 0 !important;background-repeat: no-repeat !important;}\u00bb animate_bg=\u00bb336&#8243;][vc_column width=\u00bb1\/3&#8243;][vc_single_image image=\u00bb335&#8243; img_size=\u00bbfull\u00bb css_animation=\u00bbbounceInUp\u00bb css=\u00bb.vc_custom_1539345348633{margin-bottom: 0px !important;}\u00bb][\/vc_column][vc_column width=\u00bb1\/3&#8243;][vc_single_image image=\u00bb334&#8243; alignment=\u00bbright\u00bb][\/vc_column][vc_column width=\u00bb1\/3&#8243;][vc_cta h2=\u00bb\u00bb style=\u00bbtransparent\u00bb add_button=\u00bbright\u00bb btn_title=\u00bbStart Making Friends Now\u00bb btn_color=\u00bbjuicy-pink\u00bb btn_size=\u00bbbtn-md\u00bb modal_content=\u00bbreg_form\u00bb][\/vc_cta][vc_btn title=\u00bb`{`:en`}`Start Making Friends Now!`{`:el`}`\u039e\u03b5\u03ba\u03b9\u03bd\u03ae\u03c3\u03c4\u03b5 \u03bd\u03b1 \u03ba\u03ac\u03bd\u03b5\u03c4\u03b5 \u03c6\u03af\u03bb\u03bf\u03c5\u03c2 \u03c4\u03ce\u03c1\u03b1!`{`:es`}`\u00a1Comienza a hacer amigos ahora!`{`:pl`}`Zacznij nawi\u0105zywa\u0107 przyja\u017anie ju\u017c teraz!`{`:pt`}`Comece a fazer amigos agora!`{`:`}`\u00bb color=\u00bbjuicy-pink\u00bb size=\u00bbbtn-lg\u00bb align=\u00bbright\u00bb link=\u00bburl:%2Fmembers\u00bb][\/vc_column][\/vc_row]<\/p>\n<\/div>","protected":false},"excerpt":{"rendered":"<p>[vc_row full_width=\u00bbstretch_row_content\u00bb css=\u00bb.vc_custom_1539866381370{padding-top: 0px !important;padding-bottom: 0px !important;}\u00bb][vc_column][crumina_gmap map_height=\u00bb480&#8243; style=\u00bb\u00abborder: 0\u00ab;\u00bb src=\u00bb\u00abhttps:\/\/www.google.com\/maps\/embed?pb=!1m18!1m12!1m3!1d50470.074764416524!2d-122.47261937104744!3d37.75769481909248!2m3!1f0!2f0!3f0!3m2!1i1024!2i768!4f13.1!3m3!1m2!1s0x80859a6d00690021%3A0x4a501367f076adff!2sSan+Francisco%2C+CA%2C+USA!5e0!3m2!1sen!2sua!4v1537795495651\u00ab\u00bb width=\u00bb\u00ab600\u00ab\u00bb height=\u00bb\u00ab450\u00ab\u00bb frameborder=\u00bb\u00ab0\u00ab\u00bb map_embed=\u00bbJTNDaWZyYW1lJTIwc3JjJTNEJTIyaHR0cHMlM0ElMkYlMkZ3d3cuZ29vZ2xlLmNvbSUyRm1hcHMlMkZlbWJlZCUzRnBiJTNEJTIxMW0xOCUyMTFtMTIlMjExbTMlMjExZDMwMjYuNzcyMTQwMDYzMzQxMyUyMTJkMjIuODAxMjU5MDc1NzY3Mjk4JTIxM2Q0MC42NTY5NTI5NzE0MDE5MSUyMTJtMyUyMTFmMCUyMTJmMCUyMTNmMCUyMTNtMiUyMTFpMTAyNCUyMTJpNzY4JTIxNGYxMy4xJTIxM20zJTIxMW0yJTIxMXMweDE0YTgyNWQwMDNiMTU5OTclMjUzQTB4MTdiNGFhZTYyOGFlM2VjOSUyMTJ6enBUT21jNmd6cEhPbFNET284NnZ6cjNPdE02X3o0VSUyMTVlMCUyMTNtMiUyMTFzZWwlMjEyc2dyJTIxNHYxNzA1NDUwMDk3NTQzJTIxNW0yJTIxMXNlbCUyMTJzZ3IlMjIlMjB3aWR0aCUzRCUyMjYwMCUyMiUyMGhlaWdodCUzRCUyMjQ1MCUyMiUyMHN0eWxlJTNEJTIyYm9yZGVyJTNBMCUzQiUyMiUyMGFsbG93ZnVsbHNjcmVlbiUzRCUyMiUyMiUyMGxvYWRpbmclM0QlMjJsYXp5JTIyJTIwcmVmZXJyZXJwb2xpY3klM0QlMjJuby1yZWZlcnJlci13aGVuLWRvd25ncmFkZSUyMiUzRSUzQyUyRmlmcmFtZSUzRQ==\u00bb][vc_column_text css=\u00bb.vc_custom_1705451147579{margin-right: 2% !important;margin-left: 2% !important;}\u00bb]<a class=\"btn btn-primary more-link\" href=\"https:\/\/community.europeanschoolradio.eu\/es\/contact-us\">Continue reading<\/a><\/p>\n","protected":false},"author":1,"featured_media":0,"parent":0,"menu_order":0,"comment_status":"closed","ping_status":"closed","template":"","meta":{"_bbp_topic_count":0,"_bbp_reply_count":0,"_bbp_total_topic_count":0,"_bbp_total_reply_count":0,"_bbp_voice_count":0,"_bbp_anonymous_reply_count":0,"_bbp_topic_count_hidden":0,"_bbp_reply_count_hidden":0,"_bbp_forum_subforum_count":0,"footnotes":""},"class_list":["post-370","page","type-page","status-publish","hentry"],"aioseo_notices":[],"_links":{"self":[{"href":"https:\/\/community.europeanschoolradio.eu\/es\/wp-json\/wp\/v2\/pages\/370","targetHints":{"allow":["GET"]}}],"collection":[{"href":"https:\/\/community.europeanschoolradio.eu\/es\/wp-json\/wp\/v2\/pages"}],"about":[{"href":"https:\/\/community.europeanschoolradio.eu\/es\/wp-json\/wp\/v2\/types\/page"}],"author":[{"embeddable":true,"href":"https:\/\/community.europeanschoolradio.eu\/es\/wp-json\/wp\/v2\/users\/1"}],"replies":[{"embeddable":true,"href":"https:\/\/community.europeanschoolradio.eu\/es\/wp-json\/wp\/v2\/comments?post=370"}],"version-history":[{"count":0,"href":"https:\/\/community.europeanschoolradio.eu\/es\/wp-json\/wp\/v2\/pages\/370\/revisions"}],"wp:attachment":[{"href":"https:\/\/community.europeanschoolradio.eu\/es\/wp-json\/wp\/v2\/media?parent=370"}],"curies":[{"name":"wp","href":"https:\/\/api.w.org\/{rel}","templated":true}]}}