{"id":370,"date":"2018-09-27T09:44:09","date_gmt":"2018-09-27T09:44:09","guid":{"rendered":"https:\/\/community.europeanschoolradio.eu\/?page_id=370"},"modified":"2024-02-05T22:22:42","modified_gmt":"2024-02-05T19:22:42","slug":"contact-us","status":"publish","type":"page","link":"https:\/\/community.europeanschoolradio.eu\/el\/contact-us","title":{"rendered":"\u0395\u03c0\u03b9\u03ba\u03bf\u03b9\u03bd\u03c9\u03bd\u03ae\u03c3\u03c4\u03b5 \u03bc\u03b1\u03b6\u03af \u03bc\u03b1\u03c2"},"content":{"rendered":"<div class=\"wpb-content-wrapper\"><p>[vc_row full_width=&#8221;stretch_row_content&#8221; css=&#8221;.vc_custom_1539866381370{padding-top: 0px !important;padding-bottom: 0px !important;}&#8221;][vc_column][vc_empty_space height=&#8221;80&#8243;][vc_column_text css=&#8221;.vc_custom_1705477445481{margin-right: 2% !important;margin-left: 2% !important;}&#8221;]<\/p>\n<h4 style=\"text-align: center;\"><strong>\u0393\u03b9\u03b1 \u03bf\u03c0\u03bf\u03b9\u03bf\u03b4\u03ae\u03c0\u03bf\u03c4\u03b5 \u03b8\u03ad\u03bc\u03b1 \u03c5\u03c0\u03bf\u03c3\u03c4\u03ae\u03c1\u03b9\u03be\u03b7\u03c2 \u03ba\u03b1\u03b9 \u03c3\u03c5\u03bc\u03bc\u03b5\u03c4\u03bf\u03c7\u03ae\u03c2 \u03c3\u03c4\u03b9\u03c2 \u03b4\u03c1\u03ac\u03c3\u03b5\u03b9\u03c2 \u03c4\u03bf\u03c5 European School Radio \u03c0\u03b1\u03c1\u03b1\u03ba\u03b1\u03bb\u03bf\u03cd\u03bc\u03b5 \u03b5\u03c0\u03b9\u03ba\u03bf\u03b9\u03bd\u03c9\u03bd\u03b5\u03af\u03c4\u03b5 \u03bc\u03b1\u03b6\u03af \u03bc\u03b1\u03c2 \u03c9\u03c2 \u03b5\u03be\u03ae\u03c2:<\/strong><\/h4>\n<p>[\/vc_column_text][vc_column_text css=&#8221;.vc_custom_1705480924847{margin-right: 4% !important;margin-left: 4% !important;}&#8221;]<\/p>\n<h5><strong>\u0397 \u03a4\u03b5\u03c7\u03bd\u03b9\u03ba\u03ae \u03a5\u03c0\u03bf\u03c3\u03c4\u03ae\u03c1\u03b9\u03be\u03b7 \u03c7\u03c1\u03b7\u03c3\u03c4\u03ce\u03bd \u03c0\u03b1\u03c1\u03ad\u03c7\u03b5\u03c4\u03b1\u03b9 \u03bc\u03b5 \u03b4\u03cd\u03bf \u03c4\u03c1\u03cc\u03c0\u03bf\u03c5\u03c2. <\/strong><\/h5>\n<h5><strong>\u0395\u03af\u03c4\u03b5 \u03bc\u03ad\u03c3\u03c9 \u03c4\u03bf\u03c5 \u03ba\u03bf\u03c5\u03bc\u03c0\u03b9\u03bf\u03cd<\/strong>\u00a0<img loading=\"lazy\" decoding=\"async\" class=\"alignnone wp-image-5390\" style=\"font-size: 1rem;\" src=\"https:\/\/community.europeanschoolradio.eu\/wp-content\/uploads\/2024\/01\/image.png\" alt=\"\" width=\"50\" height=\"26\" \/>\u00a0<strong>\u03c0\u03bf\u03c5 \u03c5\u03c0\u03ac\u03c1\u03c7\u03b5\u03b9 \u03c3\u03c4\u03bf \u03ba\u03ac\u03c4\u03c9 \u03b4\u03b5\u03be\u03b9\u03ac \u03bc\u03ad\u03c1\u03bf\u03c2 \u03c3\u03b5 \u03ba\u03ac\u03b8\u03b5 \u03c3\u03b5\u03bb\u03af\u03b4\u03b1 \u03c4\u03bf\u03c5 European School Radio \u03b5\u03af\u03c4\u03b5 \u03c3\u03c4\u03ad\u03bb\u03bd\u03bf\u03bd\u03c4\u03b1\u03c2 \u03b1\u03c0\u03b5\u03c5\u03b8\u03b5\u03af\u03b1\u03c2 \u03c3\u03c4\u03bf <span style=\"color: #0000ff;\">support@europeanschoolradio.eu<\/span><span style=\"font-size: 1rem;\">. \u0397 \u03c4\u03b7\u03bb\u03b5\u03c6\u03c9\u03bd\u03b9\u03ba\u03ae \u03b5\u03c0\u03b9\u03ba\u03bf\u03b9\u03bd\u03c9\u03bd\u03af\u03b1 \u03b1\u03c6\u03bf\u03c1\u03ac \u03bc\u03cc\u03bd\u03bf \u03c4\u03b7\u03bd \u03b5\u03bd\u03b7\u03bc\u03ad\u03c1\u03c9\u03c3\u03b7 \u03b3\u03b9\u03b1 \u03b4\u03c1\u03ac\u03c3\u03b5\u03b9\u03c2 \u03c4\u03bf\u03c5 European School Radio \u03bc\u03cc\u03bd\u03bf \u03cc\u03c4\u03b1\u03bd \u03b4\u03b5\u03bd \u03b2\u03c1\u03b5\u03af\u03c4\u03b5 \u03c4\u03b7\u03bd \u03c0\u03bb\u03b7\u03c1\u03bf\u03c6\u03bf\u03c1\u03af\u03b1 \u03c3\u03c4\u03b1 sites \u03c4\u03c9\u03bd \u03b4\u03c1\u03ac\u03c3\u03b5\u03c9\u03bd.<\/span><\/strong><\/h5>\n<p>[\/vc_column_text][\/vc_column][\/vc_row][vc_row][vc_column width=&#8221;1\/4&#8243;][crumina_contacts title=&#8221;`{`:en`}`The Society`{`:el`}`\u0397 \u0395\u03c4\u03b1\u03b9\u03c1\u03b5\u03af\u03b1`{`:es`}`La empresa`{`:pl`}`Sp\u00f3\u0142ka`{`:pt`}`A empresa`{`:`}`&#8221; details=&#8221;%5B%7B%22name%22%3A%22Email%3A%22%2C%22link%22%3A%22url%3Amailto%253Ainfo%2540europeanschoolradio.eu%7Ctitle%3Ainfo%2540europeanschoolradio.eu%7Crel%3Anofollow%22%7D%5D&#8221;][vc_column_text]<span style=\"color: #000000;\">\u03a4\u03b7\u03bb:<\/span> <span style=\"color: #0000ff;\">+30 2310 013 735<\/span>[\/vc_column_text][\/vc_column][vc_column width=&#8221;1\/4&#8243;][crumina_contacts title=&#8221;`{`:el`}`\u03a6\u03b5\u03c3\u03c4\u03b9\u03b2\u03ac\u03bb`{`:en`}`Festival`{`:es`}`Festival`{`:pl`}`Festiwal`{`:pt`}`Festival`{`:`}`&#8221; details=&#8221;%5B%7B%22name%22%3A%22Email%3A%22%2C%22link%22%3A%22url%3Amailto%253Afest%2540europeanschoolradio.eu%7Ctitle%3Afest%2540europeanschoolradio.eu%7Crel%3Anofollow%22%7D%5D&#8221;][\/vc_column][vc_column width=&#8221;1\/4&#8243;][crumina_contacts title=&#8221;`{`:el`}`\u0394\u03b9\u03b1\u03b3\u03c9\u03bd\u03b9\u03c3\u03bc\u03cc\u03c2`{`:en`}`Contest`{`:es`}`Concurso`{`:pl`}`Konkurs`{`:pt`}`Concurso`{`:`}`&#8221; details=&#8221;%5B%7B%22name%22%3A%22Email%3A%22%2C%22link%22%3A%22url%3Amailto%253Acontest%2540europeanschoolradio.eu%7Ctitle%3Acontest%2540europeanschoolradio.eu%7Crel%3Anofollow%22%7D%5D&#8221;][\/vc_column][vc_column width=&#8221;1\/4&#8243;][crumina_contacts title=&#8221;`{`:en`}`Educational Program of Thessaloniki`{`:el`}`\u0395\u03ba\u03c0\u03b1\u03b9\u03b4\u03b5\u03c5\u03c4\u03b9\u03ba\u03cc \u03a0\u03c1\u03cc\u03b3\u03c1\u03b1\u03bc\u03bc\u03b1 \u0398\u03b5\u03c3\u03c3\u03b1\u03bb\u03bf\u03bd\u03af\u03ba\u03b7\u03c2`{`:es`}`Programa educativo de Tesal\u00f3nica`{`:pl`}`Program edukacyjny Salonik`{`:pt`}`Programa Educacional de Sal\u00f3nica`{`:`}`&#8221; details=&#8221;%5B%7B%22name%22%3A%22Email%3A%22%2C%22link%22%3A%22url%3Amailto%253Aeduthess%2540europeanschoolradio.eu%7Ctitle%3Aeduthess%2540europeanschoolradio.eu%7Crel%3Anofollow%22%7D%5D&#8221;][\/vc_column][\/vc_row][vc_row full_width=&#8221;stretch_row&#8221; half_bg_pos=&#8221;half-bg-pos-bottom&#8221; css=&#8221;.vc_custom_1611220491092{background-color: #ffffff !important;}&#8221; half_bg=&#8221;#ffffff&#8221;][vc_column width=&#8221;1\/3&#8243; css=&#8221;.vc_custom_1611220518386{padding-bottom: 240px !important;background-image: url(https:\/\/community.europeanschoolradio.eu\/wp-content\/uploads\/2018\/09\/contact-bg.png?id=372) !important;background-position: center !important;background-repeat: no-repeat !important;background-size: cover !important;}&#8221;][vc_column_text css=&#8221;.vc_custom_1705451391365{padding-top: 35px !important;padding-right: 65px !important;padding-bottom: 35px !important;padding-left: 35px !important;}&#8221;]<\/p>\n<h1 class=\"title\"><span style=\"color: #ffffff;\"><b>\u03a3\u03c4\u03b5\u03af\u03bb\u03c4\u03b5 \u03bc\u03b1\u03c2 <\/b><\/span><\/h1>\n<h1 class=\"title\"><span style=\"color: #ffffff;\"><b>\u03bc\u03ae\u03bd\u03c5\u03bc\u03b1<\/b><\/span><\/h1>\n<p>&nbsp;<\/p>\n<p><span style=\"color: #ffffff;\">\u0388\u03c7\u03b5\u03c4\u03b5 \u03b3\u03b5\u03bd\u03b9\u03ba\u03ad\u03c2 \u03b5\u03c1\u03c9\u03c4\u03ae\u03c3\u03b5\u03b9\u03c2 \u03c3\u03c7\u03b5\u03c4\u03b9\u03ba\u03ac \u03bc\u03b5 \u03c4\u03bf European School Radio; \u03a3\u03c4\u03b5\u03af\u03bb\u03c4\u03b5 \u03bc\u03b1\u03c2 \u03bc\u03ae\u03bd\u03c5\u03bc\u03b1 \u03ba\u03b1\u03b9 \u03b8\u03b1 \u03c3\u03b1\u03c2 \u03b1\u03c0\u03b1\u03bd\u03c4\u03ae\u03c3\u03bf\u03c5\u03bc\u03b5 \u03cc\u03c3\u03bf \u03c0\u03b9\u03bf \u03b3\u03c1\u03ae\u03b3\u03bf\u03c1\u03b1 \u03bc\u03c0\u03bf\u03c1\u03bf\u03cd\u03bc\u03b5!<\/span>[\/vc_column_text][\/vc_column][vc_column width=&#8221;2\/3&#8243; css=&#8221;.vc_custom_1611225109322{padding-top: 35px !important;}&#8221;]<div class=\"crumina-ext-contact-form standart-form-flex \"><form data-fw-form-id=\"fw_form\" method=\"post\" action=\"https:\/\/community.europeanschoolradio.eu\/el\/wp-json\/wp\/v2\/pages\/370\" class=\"fw_form_fw_form\" data-fw-ext-forms-type=\"contact-forms\"  ><input type=\"hidden\" name=\"fwf\" value=\"fw_form\" \/><input type=\"hidden\" id=\"_nonce_7504f179652a70b6571f91baf73665d1\" name=\"_nonce_7504f179652a70b6571f91baf73665d1\" value=\"c5aa118269\" \/><input type=\"hidden\" name=\"_wp_http_referer\" value=\"\/el\/wp-json\/wp\/v2\/pages\/370\" \/><input type=\"hidden\" name=\"fw_ext_forms_form_type\" value=\"contact-forms\" \/><input type=\"hidden\" name=\"fw_ext_forms_form_id\" value=\"375\" \/><div class=\"wrap-forms\">\n\t<div class=\"row\"><\/div><div class=\"row\"><div class=\"col-xs-12 col-sm-12 col-md-6 col-lg-6 form-builder-item form-builder-item\">\n\t<div class=\"field-text\">\n\t\t\t\t<label for=\"id-1\">\u038c\u03bd\u03bf\u03bc\u03b1\t\t\t<sup>*<\/sup>\t\t<\/label>\n\t\t\t\t<input type=\"text\" name=\"text_a0457a1\" placeholder=\"\" value=\"\" id=\"id-1\" required=\"required\" >\n\t\t\t<\/div>\n<\/div><div class=\"col-xs-12 col-sm-12 col-md-6 col-lg-6 form-builder-item form-builder-item\">\n\t<div class=\"field-text\">\n\t\t\t\t<label for=\"id-2\">\u0395\u03c0\u03ce\u03bd\u03c5\u03bc\u03bf\t\t\t<sup>*<\/sup>\t\t<\/label>\n\t\t\t\t<input type=\"text\" name=\"text_910887c\" placeholder=\"\" value=\"\" id=\"id-2\" required=\"required\" >\n\t\t\t<\/div>\n<\/div><\/div><div class=\"row\"><div class=\"col-lg-12 form-builder-item form-builder-item\">\n\t<div class=\"field-text\">\n\t\t\t\t<label for=\"id-3\">Email\t\t\t<sup>*<\/sup>\t\t<\/label>\n\t\t\t\t<input type=\"text\" name=\"email_40b673a\" placeholder=\"\" value=\"\" id=\"id-3\" required=\"required\" >\n\t\t\t<\/div>\n<\/div><\/div><div class=\"row\">\t<div class=\"col-lg-12 form-builder-item form-builder-item\">\n\t\t<div class=\"field-select select-styled\">\n\t\t\t\t\t\t<label for=\"id-4\">\u0398\u03ad\u03bc\u03b1 \u03c5\u03c0\u03bf\u03c3\u03c4\u03ae\u03c1\u03b9\u03be\u03b7\u03c2\t\t\t\t<sup>*<\/sup>\t\t\t<\/label>\n\t\t\t\t\t\t<select name=\"select_0f3a4b3\" id=\"id-4\"  >\n\t\t\t\t\t\t\t\t\t<option value=\"\u0393\u03b5\u03bd\u03b9\u03ba\u03ae \u03a5\u03c0\u03bf\u03c3\u03c4\u03ae\u03c1\u03b9\u03be\u03b7\"  >\u0393\u03b5\u03bd\u03b9\u03ba\u03ae \u03a5\u03c0\u03bf\u03c3\u03c4\u03ae\u03c1\u03b9\u03be\u03b7<\/option>\n\t\t\t\t\t\t\t\t\t<option value=\"\u03a6\u03b5\u03c3\u03c4\u03b9\u03b2\u03ac\u03bb\"  >\u03a6\u03b5\u03c3\u03c4\u03b9\u03b2\u03ac\u03bb<\/option>\n\t\t\t\t\t\t\t\t\t<option value=\"\u0394\u03b9\u03b1\u03b3\u03c9\u03bd\u03b9\u03c3\u03bc\u03cc\u03c2\"  >\u0394\u03b9\u03b1\u03b3\u03c9\u03bd\u03b9\u03c3\u03bc\u03cc\u03c2<\/option>\n\t\t\t\t\t\t\t\t\t<option value=\"\u0395\u03ba\u03c0\u03b1\u03b9\u03b4\u03b5\u03c5\u03c4\u03b9\u03ba\u03cc \u03a0\u03c1\u03cc\u03b3\u03c1\u03b1\u03bc\u03bc\u03b1 \u0398\u03b5\u03c3\u03c3\u03b1\u03bb\u03bf\u03bd\u03af\u03ba\u03b7\u03c2\"  >\u0395\u03ba\u03c0\u03b1\u03b9\u03b4\u03b5\u03c5\u03c4\u03b9\u03ba\u03cc \u03a0\u03c1\u03cc\u03b3\u03c1\u03b1\u03bc\u03bc\u03b1 \u0398\u03b5\u03c3\u03c3\u03b1\u03bb\u03bf\u03bd\u03af\u03ba\u03b7\u03c2<\/option>\n\t\t\t\t\t\t\t<\/select>\n\t\t\t\t\t<\/div>\n\t<\/div>\n<\/div><div class=\"row\"><div class=\"col-lg-12 form-builder-item form-builder-item\">\n\t<div class=\"field-textarea\">\n\t\t\t\t<label for=\"id-5\">\u03a4\u03bf \u03bc\u03ae\u03bd\u03c5\u03bc\u03b1 \u03c3\u03b1\u03c2\t\t\t<sup>*<\/sup>\t\t<\/label>\n\t\t\t\t<textarea name=\"textarea_07c493d\" placeholder=\"\" id=\"id-5\" required=\"required\" ><\/textarea>\n\t\t\t<\/div>\n<\/div><\/div><div class=\"row\"><div class=\"col-lg-12 form-builder-item form-builder-item\">\n\t<div class=\"field-recaptcha\">\n\t\t<label>Recaptcha<\/label>\n\t\t<input type=\"hidden\" name=\"recaptcha_695c759\">\n\t\t<div class=\"form-builder-item-recaptcha\" ><\/div>\n\t<\/div>\n<\/div><\/div><div class=\"row\"><\/div><\/div><button type=\"submit\" class=\"btn btn-primary\" style=\"background-color: #7c5ac2 !important;border-color: #7c5ac2 !important;\">Send<\/button><\/form><\/div>[\/vc_column][\/vc_row][vc_row][vc_column][crumina_gmap map_height=&#8221;480&#8243; style=&#8221;&#8220;border: 0&#8220;;&#8221; src=&#8221;&#8220;https:\/\/www.google.com\/maps\/embed?pb=!1m18!1m12!1m3!1d50470.074764416524!2d-122.47261937104744!3d37.75769481909248!2m3!1f0!2f0!3f0!3m2!1i1024!2i768!4f13.1!3m3!1m2!1s0x80859a6d00690021%3A0x4a501367f076adff!2sSan+Francisco%2C+CA%2C+USA!5e0!3m2!1sen!2sua!4v1537795495651&#8220;&#8221; width=&#8221;&#8220;600&#8220;&#8221; height=&#8221;&#8220;450&#8220;&#8221; frameborder=&#8221;&#8220;0&#8220;&#8221; map_embed=&#8221;JTNDaWZyYW1lJTIwc3JjJTNEJTIyaHR0cHMlM0ElMkYlMkZ3d3cuZ29vZ2xlLmNvbSUyRm1hcHMlMkZlbWJlZCUzRnBiJTNEJTIxMW0xOCUyMTFtMTIlMjExbTMlMjExZDMwMjYuODM0MDI3NzM5NzkxNSUyMTJkMjIuODAzMjE3Mzc2MDIyODE1JTIxM2Q0MC42NTU1ODg4NzE0MDIxMSUyMTJtMyUyMTFmMCUyMTJmMCUyMTNmMCUyMTNtMiUyMTFpMTAyNCUyMTJpNzY4JTIxNGYxMy4xJTIxM20zJTIxMW0yJTIxMXMweDE0YTgyNWUwODcxNTE4MDUlMjUzQTB4OGIwNTU1NzZjNTk3YmUwMCUyMTJ6enFUT3ZNNnV6cnpPc1NET25NNjN6NGZPc2M2OXpybk91cy1PenIwZ3pxRE91ODYzejRIT3Y4LUd6cl9QZ2M2NXpyck9ycy1DSU02NnpySE91U0RPbDg2N3pyWE91cy1FejRIT3Y4Njl6cm5PdXMtT3pyMGd6cVBQaGMtRHo0VE90ODY4enF6UGhNLUp6cjBnTFNET2xNNlp6cURPa2M2VklNNmp6cV9PdmM2MHpyX1BoUSUyMTVlMCUyMTNtMiUyMTFzZWwlMjEyc2dyJTIxNHYxNzA1NDc3OTI2NjY4JTIxNW0yJTIxMXNlbCUyMTJzZ3IlMjIlMjB3aWR0aCUzRCUyMjYwMCUyMiUyMGhlaWdodCUzRCUyMjQ1MCUyMiUyMHN0eWxlJTNEJTIyYm9yZGVyJTNBMCUzQiUyMiUyMGFsbG93ZnVsbHNjcmVlbiUzRCUyMiUyMiUyMGxvYWRpbmclM0QlMjJsYXp5JTIyJTIwcmVmZXJyZXJwb2xpY3klM0QlMjJuby1yZWZlcnJlci13aGVuLWRvd25ncmFkZSUyMiUzRSUzQyUyRmlmcmFtZSUzRQ==&#8221;][\/vc_column][\/vc_row][vc_row full_width=&#8221;stretch_row&#8221; equal_height=&#8221;yes&#8221; content_placement=&#8221;middle&#8221; css=&#8221;.vc_custom_1539675059124{margin-bottom: 0px !important;padding-bottom: 0px !important;background-position: 0 0 !important;background-repeat: no-repeat !important;}&#8221; animate_bg=&#8221;336&#8243;][vc_column width=&#8221;1\/3&#8243;][vc_single_image image=&#8221;335&#8243; img_size=&#8221;full&#8221; css_animation=&#8221;bounceInUp&#8221; css=&#8221;.vc_custom_1539345348633{margin-bottom: 0px !important;}&#8221;][\/vc_column][vc_column width=&#8221;1\/3&#8243;][vc_single_image image=&#8221;334&#8243; alignment=&#8221;right&#8221;][\/vc_column][vc_column width=&#8221;1\/3&#8243;][vc_cta h2=&#8221;&#8221; style=&#8221;transparent&#8221; add_button=&#8221;right&#8221; btn_title=&#8221;Start Making Friends Now&#8221; btn_color=&#8221;juicy-pink&#8221; btn_size=&#8221;btn-md&#8221; modal_content=&#8221;reg_form&#8221;][\/vc_cta][vc_btn title=&#8221;`{`:en`}`Start Making Friends Now!`{`:el`}`\u039e\u03b5\u03ba\u03b9\u03bd\u03ae\u03c3\u03c4\u03b5 \u03bd\u03b1 \u03ba\u03ac\u03bd\u03b5\u03c4\u03b5 \u03c6\u03af\u03bb\u03bf\u03c5\u03c2 \u03c4\u03ce\u03c1\u03b1!`{`:es`}`\u00a1Comienza a hacer amigos ahora!`{`:pl`}`Zacznij nawi\u0105zywa\u0107 przyja\u017anie ju\u017c teraz!`{`:pt`}`Comece a fazer amigos agora!`{`:`}`&#8221; color=&#8221;juicy-pink&#8221; size=&#8221;btn-lg&#8221; align=&#8221;right&#8221; link=&#8221;url:%2Fmembers&#8221;][\/vc_column][\/vc_row]<\/p>\n<\/div>","protected":false},"excerpt":{"rendered":"<p>[vc_row full_width=&#8221;stretch_row_content&#8221; css=&#8221;.vc_custom_1539866381370{padding-top: 0px !important;padding-bottom: 0px !important;}&#8221;][vc_column][vc_empty_space height=&#8221;80&#8243;][vc_column_text css=&#8221;.vc_custom_1705477445481{margin-right: 2% !important;margin-left: 2% !important;}&#8221;] \u0393\u03b9\u03b1 \u03bf\u03c0\u03bf\u03b9\u03bf\u03b4\u03ae\u03c0\u03bf\u03c4\u03b5 \u03b8\u03ad\u03bc\u03b1 \u03c5\u03c0\u03bf\u03c3\u03c4\u03ae\u03c1\u03b9\u03be\u03b7\u03c2 \u03ba\u03b1\u03b9 \u03c3\u03c5\u03bc\u03bc\u03b5\u03c4\u03bf\u03c7\u03ae\u03c2 \u03c3\u03c4\u03b9\u03c2<a class=\"btn btn-primary more-link\" href=\"https:\/\/community.europeanschoolradio.eu\/el\/contact-us\">Continue reading<\/a><\/p>\n","protected":false},"author":1,"featured_media":0,"parent":0,"menu_order":0,"comment_status":"closed","ping_status":"closed","template":"","meta":{"_bbp_topic_count":0,"_bbp_reply_count":0,"_bbp_total_topic_count":0,"_bbp_total_reply_count":0,"_bbp_voice_count":0,"_bbp_anonymous_reply_count":0,"_bbp_topic_count_hidden":0,"_bbp_reply_count_hidden":0,"_bbp_forum_subforum_count":0,"footnotes":""},"class_list":["post-370","page","type-page","status-publish","hentry"],"aioseo_notices":[],"_links":{"self":[{"href":"https:\/\/community.europeanschoolradio.eu\/el\/wp-json\/wp\/v2\/pages\/370","targetHints":{"allow":["GET"]}}],"collection":[{"href":"https:\/\/community.europeanschoolradio.eu\/el\/wp-json\/wp\/v2\/pages"}],"about":[{"href":"https:\/\/community.europeanschoolradio.eu\/el\/wp-json\/wp\/v2\/types\/page"}],"author":[{"embeddable":true,"href":"https:\/\/community.europeanschoolradio.eu\/el\/wp-json\/wp\/v2\/users\/1"}],"replies":[{"embeddable":true,"href":"https:\/\/community.europeanschoolradio.eu\/el\/wp-json\/wp\/v2\/comments?post=370"}],"version-history":[{"count":0,"href":"https:\/\/community.europeanschoolradio.eu\/el\/wp-json\/wp\/v2\/pages\/370\/revisions"}],"wp:attachment":[{"href":"https:\/\/community.europeanschoolradio.eu\/el\/wp-json\/wp\/v2\/media?parent=370"}],"curies":[{"name":"wp","href":"https:\/\/api.w.org\/{rel}","templated":true}]}}