{"id":3279,"date":"2023-12-07T15:31:32","date_gmt":"2023-12-07T12:31:32","guid":{"rendered":"https:\/\/community.europeanschoolradio.eu\/?page_id=3279"},"modified":"2025-10-28T02:59:11","modified_gmt":"2025-10-27T23:59:11","slug":"quick-startup-guide","status":"publish","type":"page","link":"https:\/\/community.europeanschoolradio.eu\/de\/quick-startup-guide","title":{"rendered":"(English) Quick Startup Guide"},"content":{"rendered":"<div class=\"wpb-content-wrapper\"><p>[vc_row][vc_column][vc_column_text css=&#8220;&#8220;]<link rel='stylesheet' href='https:\/\/community.europeanschoolradio.eu\/wp-content\/plugins\/documentor\/skins\/cherry\/style.css' type='text\/css' media='all' \/><div id=\"documentor-26\" class=\"documentor-cherry documentor-wrap\" data-docid = \"26\" data-epid = \"3279\" ><div class=\"document-wrapper\"><div class=\"doc-menu doc-noprint\"><span class=\"doc-search\">\r\n\t\t\t\t\t<input type=\"text\" name=\"search_document\" class=\"search-document\" placeholder=\"Search\" \/>\r\n\t\t\t\t\t<img decoding=\"async\" src=\"https:\/\/community.europeanschoolradio.eu\/wp-content\/plugins\/documentor\/skins\/cherry\/images\/search.png\" \/>\r\n\t\t\t\t<\/span><div class=\"doc-menurelated\"><ol class=\"doc-list-front\"><li class=\"doc-actli\"><span class=\"icon-plus2 doc-menu-icon doc-icons\"><\/span><a class=\"documentor-menu\" href=\"https:\/\/community.europeanschoolradio.eu\/de\/wp-json\/wp\/v2\/pages\/3279?section=register-login\"  style=\"clear:none;line-height:20px;font-family:Arial,Helvetica,sans-serif, helvetica, Helvetica, sans-serif;font-size:15px;font-weight:normal;font-style:normal;color:#555555;\" data-href=\"#register-login\" data-sec-counter=\"1\" data-section-id=\"503\">Starten und Anmelden<\/a><span class=\"doc-mtoggle expand\"><\/span><ol><li class=\"doc-actli\"><span class=\"icon-plus2 doc-menu-icon doc-icons\"><\/span><a class=\"documentor-menu\" href=\"https:\/\/community.europeanschoolradio.eu\/de\/wp-json\/wp\/v2\/pages\/3279?section=become-a-member\"  style=\"clear:none;line-height:20px;font-family:Arial,Helvetica,sans-serif, helvetica, Helvetica, sans-serif;font-size:15px;font-weight:normal;font-style:normal;color:#555555;\" data-href=\"#become-a-member\" data-sec-counter=\"1.1\" data-section-id=\"504\">Ihre erste Anmeldung<\/a><\/li><li class=\"doc-actli\"><span class=\"icon-plus2 doc-menu-icon doc-icons\"><\/span><a class=\"documentor-menu\" href=\"https:\/\/community.europeanschoolradio.eu\/de\/wp-json\/wp\/v2\/pages\/3279?section=getting-to-know-the-dashboard\"  style=\"clear:none;line-height:20px;font-family:Arial,Helvetica,sans-serif, helvetica, Helvetica, sans-serif;font-size:15px;font-weight:normal;font-style:normal;color:#555555;\" data-href=\"#getting-to-know-the-dashboard\" data-sec-counter=\"1.2\" data-section-id=\"505\">Das Dashboard kennenlernen<\/a><\/li><\/ol><\/li><li class=\"doc-actli\"><span class=\"icon-plus2 doc-menu-icon doc-icons\"><\/span><a class=\"documentor-menu\" href=\"https:\/\/community.europeanschoolradio.eu\/de\/wp-json\/wp\/v2\/pages\/3279?section=live-radio-basic-listening\"  style=\"clear:none;line-height:20px;font-family:Arial,Helvetica,sans-serif, helvetica, Helvetica, sans-serif;font-size:15px;font-weight:normal;font-style:normal;color:#555555;\" data-href=\"#live-radio-basic-listening\" data-sec-counter=\"2\" data-section-id=\"506\">R\u00e1dio ao vivo e audi\u00e7\u00e3o b\u00e1sica<\/a><span class=\"doc-mtoggle expand\"><\/span><ol><li class=\"doc-actli\"><span class=\"icon-plus2 doc-menu-icon doc-icons\"><\/span><a class=\"documentor-menu\" href=\"https:\/\/community.europeanschoolradio.eu\/de\/wp-json\/wp\/v2\/pages\/3279?section=instant-listening\"  style=\"clear:none;line-height:20px;font-family:Arial,Helvetica,sans-serif, helvetica, Helvetica, sans-serif;font-size:15px;font-weight:normal;font-style:normal;color:#555555;\" data-href=\"#instant-listening\" data-sec-counter=\"2.1\" data-section-id=\"507\">Sofortiges Zuh\u00f6ren<\/a><\/li><li class=\"doc-actli\"><span class=\"icon-plus2 doc-menu-icon doc-icons\"><\/span><a class=\"documentor-menu\" href=\"https:\/\/community.europeanschoolradio.eu\/de\/wp-json\/wp\/v2\/pages\/3279?section=listen-to-an-episode\"  style=\"clear:none;line-height:20px;font-family:Arial,Helvetica,sans-serif, helvetica, Helvetica, sans-serif;font-size:15px;font-weight:normal;font-style:normal;color:#555555;\" data-href=\"#listen-to-an-episode\" data-sec-counter=\"2.2\" data-section-id=\"508\">H\u00f6ren Sie sich eine Episode an<\/a><\/li><li class=\"doc-actli\"><span class=\"icon-plus2 doc-menu-icon doc-icons\"><\/span><a class=\"documentor-menu\" href=\"https:\/\/community.europeanschoolradio.eu\/de\/wp-json\/wp\/v2\/pages\/3279?section=accessibility-tools\"  style=\"clear:none;line-height:20px;font-family:Arial,Helvetica,sans-serif, helvetica, Helvetica, sans-serif;font-size:15px;font-weight:normal;font-style:normal;color:#555555;\" data-href=\"#accessibility-tools\" data-sec-counter=\"2.3\" data-section-id=\"509\">Eingabehilfen<\/a><\/li><\/ol><\/li><li class=\"doc-actli\"><span class=\"icon-plus2 doc-menu-icon doc-icons\"><\/span><a class=\"documentor-menu\" href=\"https:\/\/community.europeanschoolradio.eu\/de\/wp-json\/wp\/v2\/pages\/3279?section=discovery-with-artificial-intelligence-ai\"  style=\"clear:none;line-height:20px;font-family:Arial,Helvetica,sans-serif, helvetica, Helvetica, sans-serif;font-size:15px;font-weight:normal;font-style:normal;color:#555555;\" data-href=\"#discovery-with-artificial-intelligence-ai\" data-sec-counter=\"3\" data-section-id=\"510\">Entdeckung mit k\u00fcnstlicher Intelligenz (KI)<\/a><span class=\"doc-mtoggle expand\"><\/span><ol><li class=\"doc-actli\"><span class=\"icon-plus2 doc-menu-icon doc-icons\"><\/span><a class=\"documentor-menu\" href=\"https:\/\/community.europeanschoolradio.eu\/de\/wp-json\/wp\/v2\/pages\/3279?section=ai-search\"  style=\"clear:none;line-height:20px;font-family:Arial,Helvetica,sans-serif, helvetica, Helvetica, sans-serif;font-size:15px;font-weight:normal;font-style:normal;color:#555555;\" data-href=\"#ai-search\" data-sec-counter=\"3.1\" data-section-id=\"511\">KI-Suche<\/a><\/li><li class=\"doc-actli\"><span class=\"icon-plus2 doc-menu-icon doc-icons\"><\/span><a class=\"documentor-menu\" href=\"https:\/\/community.europeanschoolradio.eu\/de\/wp-json\/wp\/v2\/pages\/3279?section=personal-suggestions\"  style=\"clear:none;line-height:20px;font-family:Arial,Helvetica,sans-serif, helvetica, Helvetica, sans-serif;font-size:15px;font-weight:normal;font-style:normal;color:#555555;\" data-href=\"#personal-suggestions\" data-sec-counter=\"3.2\" data-section-id=\"512\">Pers\u00f6nliche Vorschl\u00e4ge<\/a><\/li><\/ol><\/li><li class=\"doc-actli\"><span class=\"icon-plus2 doc-menu-icon doc-icons\"><\/span><a class=\"documentor-menu\" href=\"https:\/\/community.europeanschoolradio.eu\/de\/wp-json\/wp\/v2\/pages\/3279?section=creation-community\"  style=\"clear:none;line-height:20px;font-family:Arial,Helvetica,sans-serif, helvetica, Helvetica, sans-serif;font-size:15px;font-weight:normal;font-style:normal;color:#555555;\" data-href=\"#creation-community\" data-sec-counter=\"4\" data-section-id=\"513\">Kreation & Gemeinschaft<\/a><span class=\"doc-mtoggle expand\"><\/span><ol><li class=\"doc-actli\"><span class=\"icon-plus2 doc-menu-icon doc-icons\"><\/span><a class=\"documentor-menu\" href=\"https:\/\/community.europeanschoolradio.eu\/de\/wp-json\/wp\/v2\/pages\/3279?section=interaction-in-the-episode\"  style=\"clear:none;line-height:20px;font-family:Arial,Helvetica,sans-serif, helvetica, Helvetica, sans-serif;font-size:15px;font-weight:normal;font-style:normal;color:#555555;\" data-href=\"#interaction-in-the-episode\" data-sec-counter=\"4.1\" data-section-id=\"514\">Interaktion in der Episode<\/a><\/li><li class=\"doc-actli\"><span class=\"icon-plus2 doc-menu-icon doc-icons\"><\/span><a class=\"documentor-menu\" href=\"https:\/\/community.europeanschoolradio.eu\/de\/wp-json\/wp\/v2\/pages\/3279?section=uploading-content\"  style=\"clear:none;line-height:20px;font-family:Arial,Helvetica,sans-serif, helvetica, Helvetica, sans-serif;font-size:15px;font-weight:normal;font-style:normal;color:#555555;\" data-href=\"#uploading-content\" data-sec-counter=\"4.2\" data-section-id=\"515\">Hochladen von Inhalten<\/a><\/li><li class=\"doc-actli\"><span class=\"icon-plus2 doc-menu-icon doc-icons\"><\/span><a class=\"documentor-menu\" href=\"https:\/\/community.europeanschoolradio.eu\/de\/wp-json\/wp\/v2\/pages\/3279?section=the-common-space-community\"  style=\"clear:none;line-height:20px;font-family:Arial,Helvetica,sans-serif, helvetica, Helvetica, sans-serif;font-size:15px;font-weight:normal;font-style:normal;color:#555555;\" data-href=\"#the-common-space-community\" data-sec-counter=\"4.3\" data-section-id=\"516\">Der gemeinsame Raum \u2013 Gemeinschaft<\/a><\/li><\/ol><\/li><\/ol><\/div><\/div><div class=\"doc-sec-container\" id=\"documentor_seccontainer\"><div class=\"doc-sectionwrap\" id=\"register-login_wrap\"><div class=\"documentor-section wow documentor-fadeInUp section-503\" id=\"register-login\" data-section-id=\"503\"><h2 class=\"doc-sec-title\" style=\"clear:none;line-height:30px;font-family:Open Sans,sans-serif;font-size:22px;font-weight:600;font-style:normal;color:#333333;\"> <span class=\"doc-sec-count\" style=\"display:none\">1.<\/span><span class=\"title-text\">Starten und Anmelden<\/span> <span class=\"doc-sec-link doc-noprint\" onclick=\"prompt('Press Ctrl + C, then Enter to copy to clipboard','https:\/\/community.europeanschoolradio.eu\/de\/wp-json\/wp\/v2\/pages\/3279?section=register-login')\"><span class=\"icon-link doc-icons\"><\/span><\/span> <div class=\"documentor-social doc-noprint\"><span><a class=\"doc-print\" data-printspath=\"https:\/\/community.europeanschoolradio.eu\/wp-content\/plugins\/documentor\/skins\/cherry\/print.css\"> <span class=\"icon-print2 doc-icons\"><\/span> <\/span><\/a><\/span><\/div><\/h2><div class=\"doc-sec-content\" style=\"clear:none;line-height:25px;font-family:Arial,Helvetica,sans-serif, helvetica, Helvetica, sans-serif;font-size:16px;font-weight:normal;font-style:normal;color:#555555;\"><p><\/p>\n<h4 style=\"text-align: center;\"><strong>\u201eIhr erster Kontakt mit der Plattform\u201c<\/strong><\/h4>\n<p style=\"text-align: center;\">In diesem Kapitel erfahren Sie, wie Sie ein Konto erstellen, sich anmelden und die auf Ihre Rolle zugeschnittene Benutzeroberfl\u00e4che der Plattform nutzen. Sie erwerben die grundlegenden Kenntnisse, um die Plattform sofort nutzen zu k\u00f6nnen.<\/p>\n<p><\/p><\/div><div class=\"documentor-help\"><span class=\"doc-noprint doc-feedback\"><span class=\"icon-tag_faces doc-icons doc-noprint\"><\/span>Was this helpful?<\/span>\r\n\t\t\t\t\t\t<span class=\"doc-noprint\"><a class=\"positive-feedback\" href=\"#\" > Yes <\/a><\/span> \r\n\t\t\t\t\t\t<span class=\"doc-noprint\"><a class=\"negative-feedback\" href=\"#\" > No <\/a><\/span><span class=\"doc-noprint doc_sedit\"><a title=\"Give suggestion\" href=\"#sugestedit_popup26\" rel=\"leanModal\" class=\"spopupopen\" ><span><span class=\"icon-edit2 doc-icons\"><\/span>Suggest edit <\/a><\/span><div class=\"doc-feedbackcnt\"><span class=\"upvote\">1<\/span> of <span class=\"totalvote\">1<\/span> users found this section helpful<\/div><div class=\"negative-feedbackform doc-noprint\">\r\n\t\t\t\t\t<\/div><div class=\"feedback-msg doc-noprint\"><\/div><\/div><div class=\"doc-nav doc-noprint\"><a data-href=\"#become-a-member\" class=\"doc-next\">Ihre erste Anmeldung &raquo;<\/a><\/div><\/div><\/div><!--.\/doc-sectionwrap--><div class=\"doc-credits\">Help Guide Powered by <a href=\"https:\/\/documentor.in\/?utm_source=plugin&utm_medium=footer&utm_campaign=powered-by\">Documentor<\/a><\/div><\/div><!--.doc-sec-container--><div id=\"sugestedit_popup26\" class=\"sugestedit_popup\">\r\n\t\t\t\t<a class=\"modal_close\"><\/a>\r\n\t\t\t\t<form name=\"documentor-suggestform\" method=\"post\" class=\"documentor-suggestform\">\r\n\t\t\t\t\t<div class=\"doc-frmdiv\" style=\"font-weight: bold;\">Suggest Edit\r\n\t\t\t\t\t<\/div>\r\n\t\t\t\t\t<div class=\"doc-frmdiv\">\r\n\t\t\t\t\t\t<input type=\"text\" name=\"sec_title\" class=\"sedit-sectitle txtinput\" value=\"\" \/>\r\n\t\t\t\t\t<\/div><div class=\"doc-frmdiv\">\r\n\t\t\t\t\t\t\t<input type=\"text\" name=\"name\" class=\"txtinput\" placeholder=\"Name\" required \/>\r\n\t\t\t\t\t\t<\/div><div class=\"doc-frmdiv\">\r\n\t\t\t\t\t\t\t<input type=\"email\" class=\"emailinput\" placeholder=\"Email\" name=\"email\" required \/> \r\n\t\t\t\t\t\t<\/div><div class=\"doc-frmdiv\">\r\n\t\t\t\t\t\t\t<textarea name=\"content\" class=\"textareainput\" placeholder=\"Post your suggestion...\" required><\/textarea>\r\n\t\t\t\t\t\t<\/div><div class=\"doc-frmdiv\"><label> Captcha :&nbsp; <\/label><span class=\"doc-sedit-captcha\"><\/span><\/div><input type=\"hidden\" class=\"sedit-secid\" name=\"secid\" value=\"\" \/>\r\n\t\t\t\t\t<input type=\"hidden\" class=\"sedit-postid\" name=\"sedit_postid\" value=\"\" \/>\r\n\t\t\t\t\t<input type=\"hidden\" class=\"sedit-docid\" name=\"docid\" value=\"26\" \/>\r\n\t\t\t\t\t<button class=\"docsubmit-suggestform\"> Submit <\/button>\r\n\t\t\t\t<\/form>\r\n\t\t\t<\/div><script type=\"text\/javascript\">\r\n\t\t\tjQuery(document).ready(function(){\r\n\t\t\t\tjQuery(\"#documentor-26\").documentor({\r\n\t\t\t\t\tdocumentid\t: 26,\r\n\t\t\t\t\tdocid\t\t: \"documentor-26\",\r\n\t\t\t\t\tanimation\t: \"fadeInUp\",\r\n\t\t\t\t\tindexformat\t: \"0\",\r\n\t\t\t\t\tpformat\t\t: \"decimal\",\r\n\t\t\t\t\tcformat\t\t: \"decimal\",\t\t\t\t\t\r\n\t\t\t\t\tsecstyle\t: \"\",\r\n\t\t\t\t\tactnavbg_default: \"1\",\r\n\t\t\t\t\tactnavbg_color\t: \"#0093bf\",\r\n\t\t\t\t\tenable_ajax\t: \"1\",\r\n\t\t\t\t\tscrolling\t: \"1\",\r\n\t\t\t\t\tfixmenu\t\t: \"1\",\r\n\t\t\t\t\tskin\t\t: \"cherry\",\r\n\t\t\t\t\tscrollBarSize\t: \"3\",\r\n\t\t\t\t\tscrollBarColor\t: \"#F45349\",\r\n\t\t\t\t\tscrollBarOpacity: \"0.4\",\r\n\t\t\t\t\twindowprint\t: \"0\",\r\n\t\t\t\t\tmenuTop: \"40\",\r\n\t\t\t\t\tsocialshare\t: 0,\r\n\t\t\t\t\tsharecount\t: 1,\r\n\t\t\t\t\tfbshare\t\t: 1,\r\n\t\t\t\t\ttwittershare\t: 1,\r\n\t\t\t\t\tgplusshare\t: 1,\r\n\t\t\t\t\tpinshare\t: 1,\r\n\t\t\t\t\ttogglechild\t: 0,\r\n\t\t\t\t\tnoResultsStr: \"No results found!\",\r\n\t\t\t\t});\t\r\n\t\t\t});<\/script><div class=\"cleardiv cleardiv-rtl\"><\/div><\/div><!--\/.document-wrapper--><div class=\"cleardiv cleardiv-rtl\"><\/div><a class=\"scrollup doc-noprint\" style=\"display: block;\"><span class=\"icon-angle-up\"><\/span><\/a><\/div><div class=\"cleardiv\"> <\/div><div id=\"documentor-26-end\"><\/div>[\/vc_column_text][\/vc_column][\/vc_row]<\/p>\n<\/div>","protected":false},"excerpt":{"rendered":"<p>[vc_row][vc_column][vc_column_text css=&#8220;&#8220;][\/vc_column_text][\/vc_column][\/vc_row]<\/p>\n","protected":false},"author":2033,"featured_media":0,"parent":0,"menu_order":0,"comment_status":"closed","ping_status":"closed","template":"","meta":{"_bbp_topic_count":0,"_bbp_reply_count":0,"_bbp_total_topic_count":0,"_bbp_total_reply_count":0,"_bbp_voice_count":0,"_bbp_anonymous_reply_count":0,"_bbp_topic_count_hidden":0,"_bbp_reply_count_hidden":0,"_bbp_forum_subforum_count":0,"footnotes":""},"class_list":["post-3279","page","type-page","status-publish","hentry"],"aioseo_notices":[],"_links":{"self":[{"href":"https:\/\/community.europeanschoolradio.eu\/de\/wp-json\/wp\/v2\/pages\/3279","targetHints":{"allow":["GET"]}}],"collection":[{"href":"https:\/\/community.europeanschoolradio.eu\/de\/wp-json\/wp\/v2\/pages"}],"about":[{"href":"https:\/\/community.europeanschoolradio.eu\/de\/wp-json\/wp\/v2\/types\/page"}],"author":[{"embeddable":true,"href":"https:\/\/community.europeanschoolradio.eu\/de\/wp-json\/wp\/v2\/users\/2033"}],"replies":[{"embeddable":true,"href":"https:\/\/community.europeanschoolradio.eu\/de\/wp-json\/wp\/v2\/comments?post=3279"}],"version-history":[{"count":0,"href":"https:\/\/community.europeanschoolradio.eu\/de\/wp-json\/wp\/v2\/pages\/3279\/revisions"}],"wp:attachment":[{"href":"https:\/\/community.europeanschoolradio.eu\/de\/wp-json\/wp\/v2\/media?parent=3279"}],"curies":[{"name":"wp","href":"https:\/\/api.w.org\/{rel}","templated":true}]}}